

{"id":7,"date":"2023-03-06T12:52:04","date_gmt":"2023-03-06T17:52:04","guid":{"rendered":"https:\/\/proyectos.liidcc.com\/metaverso-defensoria\/?page_id=7"},"modified":"2023-06-16T09:18:53","modified_gmt":"2023-06-16T14:18:53","slug":"home","status":"publish","type":"page","link":"https:\/\/proyectos.liidcc.com\/metaverso-defensoria\/","title":{"rendered":"Home"},"content":{"rendered":"\t\t<div data-elementor-type=\"wp-page\" data-elementor-id=\"7\" class=\"elementor elementor-7\">\n\t\t\t\t\t\t\t\t\t<section class=\"elementor-section elementor-top-section elementor-element elementor-element-5d9558c elementor-section-height-full elementor-section-boxed elementor-section-height-default elementor-section-items-middle\" data-id=\"5d9558c\" data-element_type=\"section\" id=\"particles-js\" data-settings=\"{&quot;background_background&quot;:&quot;classic&quot;}\">\n\t\t\t\t\t\t<div class=\"elementor-container elementor-column-gap-no\">\n\t\t\t\t\t<div class=\"elementor-column elementor-col-66 elementor-top-column elementor-element elementor-element-96a6983\" data-id=\"96a6983\" data-element_type=\"column\">\n\t\t\t<div class=\"elementor-widget-wrap elementor-element-populated\">\n\t\t\t\t\t\t\t\t<div class=\"elementor-element elementor-element-38ad693 elementor-widget elementor-widget-shortcode\" data-id=\"38ad693\" data-element_type=\"widget\" data-widget_type=\"shortcode.default\">\n\t\t\t\t<div class=\"elementor-widget-container\">\n\t\t\t\t\t<div class=\"elementor-shortcode\"><div id=\"wow-modal-overlay-1\" class=\"wow-modal-overlay\" style=\"display:none;\"><div id=\"wow-modal-overclose-1\" class=\"wow-modal-overclose\"><\/div><div id=\"wow-modal-window-1\" class=\"wow-modal-window\" style=\"display:none;\"><div id=\"wow-modal-close-1\" class=\"mw-close-btn topRight image\"><\/div><div class=\"modal-window-content\"><div class=\"mw-title\">Instructivo para ingresar al evento<\/div><p><div class=\"wow-col\"> <div class=\"wow-col-12\" style=\"text-align: center\"><\/p>\r\n<p><div style=\"width: 800px;\" class=\"wp-video\"><video class=\"wp-video-shortcode\" id=\"video-7-2\" width=\"800\" height=\"150\" preload=\"metadata\" controls=\"controls\"><source type=\"video\/mp4\" src=\"https:\/\/proyectos.liidcc.com\/metaverso-defensoria\/wp-content\/uploads\/2023\/03\/Tutorial-Metaverso-Final-Hd.mp4?_=2\" \/><a href=\"https:\/\/proyectos.liidcc.com\/metaverso-defensoria\/wp-content\/uploads\/2023\/03\/Tutorial-Metaverso-Final-Hd.mp4\">https:\/\/proyectos.liidcc.com\/metaverso-defensoria\/wp-content\/uploads\/2023\/03\/Tutorial-Metaverso-Final-Hd.mp4<\/a><\/video><\/div><\/p>\r\n<p><\/div> <\/div><\/p>\r\n<p style=\"text-align: center\">Apriete el bot\u00f3n de play para o\u00edr el instructivo<\/p><\/div><\/div><\/div><\/div>\n\t\t\t\t<\/div>\n\t\t\t\t<\/div>\n\t\t\t\t<div class=\"elementor-element elementor-element-69ff714 elementor-widget elementor-widget-html\" data-id=\"69ff714\" data-element_type=\"widget\" data-widget_type=\"html.default\">\n\t\t\t\t<div class=\"elementor-widget-container\">\n\t\t\t<style type=\"text\/css\">\r\n\t.particles-js-canvas-el{\r\n\t\twidth: 100%;\r\n\t\theight: 100%;\r\n\t\tposition: absolute;\r\n\t\tz-index: 0;\r\n\t\ttop: 0;\r\n\t}\r\n<\/style>\r\n\r\n<script src=\"https:\/\/cdn.jsdelivr.net\/particles.js\/2.0.0\/particles.min.js\"><\/script>\r\n\r\n<script type=\"text\/javascript\">\r\n\tparticlesJS(\"particles-js\", {\"particles\":{\"number\":{\"value\":160,\"density\":{\"enable\":true,\"value_area\":800}},\"color\":{\"value\":\"#ffffff\"},\"shape\":{\"type\":\"circle\",\"stroke\":{\"width\":0,\"color\":\"#000000\"},\"polygon\":{\"nb_sides\":5},\"image\":{\"src\":\"img\/github.svg\",\"width\":100,\"height\":100}},\"opacity\":{\"value\":1,\"random\":true,\"anim\":{\"enable\":true,\"speed\":1,\"opacity_min\":0,\"sync\":false}},\"size\":{\"value\":3,\"random\":true,\"anim\":{\"enable\":false,\"speed\":4,\"size_min\":0.3,\"sync\":false}},\"line_linked\":{\"enable\":false,\"distance\":150,\"color\":\"#ffffff\",\"opacity\":0.4,\"width\":1},\"move\":{\"enable\":true,\"speed\":1,\"direction\":\"none\",\"random\":true,\"straight\":false,\"out_mode\":\"out\",\"bounce\":false,\"attract\":{\"enable\":false,\"rotateX\":600,\"rotateY\":600}}},\"interactivity\":{\"detect_on\":\"canvas\",\"events\":{\"onhover\":{\"enable\":true,\"mode\":\"bubble\"},\"onclick\":{\"enable\":true,\"mode\":\"repulse\"},\"resize\":true},\"modes\":{\"grab\":{\"distance\":400,\"line_linked\":{\"opacity\":1}},\"bubble\":{\"distance\":250,\"size\":0,\"duration\":2,\"opacity\":0,\"speed\":3},\"repulse\":{\"distance\":400,\"duration\":0.4},\"push\":{\"particles_nb\":4},\"remove\":{\"particles_nb\":2}}},\"retina_detect\":true});var count_particles, stats, update; stats = new Stats; stats.setMode(0); stats.domElement.style.position = 'absolute'; stats.domElement.style.left = '0px'; stats.domElement.style.top = '0px'; document.body.appendChild(stats.domElement); count_particles = document.querySelector('.js-count-particles'); update = function() { stats.begin(); stats.end(); if (window.pJSDom[0].pJS.particles && window.pJSDom[0].pJS.particles.array) { count_particles.innerText = window.pJSDom[0].pJS.particles.array.length; } requestAnimationFrame(update); }; requestAnimationFrame(update);;\r\n<\/script>\r\n\r\n\t\t<\/div>\n\t\t\t\t<\/div>\n\t\t\t\t<div class=\"elementor-element elementor-element-3461473 elementor-widget elementor-widget-image\" data-id=\"3461473\" data-element_type=\"widget\" data-widget_type=\"image.default\">\n\t\t\t\t<div class=\"elementor-widget-container\">\n\t\t\t<style>\/*! elementor - v3.11.5 - 14-03-2023 *\/\n.elementor-widget-image{text-align:center}.elementor-widget-image a{display:inline-block}.elementor-widget-image a img[src$=\".svg\"]{width:48px}.elementor-widget-image img{vertical-align:middle;display:inline-block}<\/style>\t\t\t\t\t\t\t\t\t\t\t\t<img loading=\"lazy\" decoding=\"async\" width=\"2092\" height=\"1182\" src=\"https:\/\/proyectos.liidcc.com\/metaverso-defensoria\/wp-content\/uploads\/2023\/03\/Logos_webb-1.png\" class=\"attachment-full size-full wp-image-434\" alt=\"\" srcset=\"https:\/\/proyectos.liidcc.com\/metaverso-defensoria\/wp-content\/uploads\/2023\/03\/Logos_webb-1.png 2092w, https:\/\/proyectos.liidcc.com\/metaverso-defensoria\/wp-content\/uploads\/2023\/03\/Logos_webb-1-300x170.png 300w, https:\/\/proyectos.liidcc.com\/metaverso-defensoria\/wp-content\/uploads\/2023\/03\/Logos_webb-1-1024x579.png 1024w, https:\/\/proyectos.liidcc.com\/metaverso-defensoria\/wp-content\/uploads\/2023\/03\/Logos_webb-1-768x434.png 768w, https:\/\/proyectos.liidcc.com\/metaverso-defensoria\/wp-content\/uploads\/2023\/03\/Logos_webb-1-1536x868.png 1536w, https:\/\/proyectos.liidcc.com\/metaverso-defensoria\/wp-content\/uploads\/2023\/03\/Logos_webb-1-2048x1157.png 2048w\" sizes=\"auto, (max-width: 2092px) 100vw, 2092px\" \/>\t\t\t\t\t\t\t\t\t\t\t\t\t\t\t<\/div>\n\t\t\t\t<\/div>\n\t\t\t\t<div class=\"elementor-element elementor-element-710d24a elementor-widget elementor-widget-image\" data-id=\"710d24a\" data-element_type=\"widget\" data-widget_type=\"image.default\">\n\t\t\t\t<div class=\"elementor-widget-container\">\n\t\t\t\t\t\t\t\t\t\t\t\t\t\t\t<img decoding=\"async\" src=\"https:\/\/proyectos.liidcc.com\/metaverso-defensoria\/wp-content\/uploads\/elementor\/thumbs\/Metaverso-q3dbmj9uqftafdwm3fn2ir6ruz8f715uh3a6s4idu4.png\" title=\"Metaverso\" alt=\"Metaverso\" loading=\"lazy\" \/>\t\t\t\t\t\t\t\t\t\t\t\t\t\t\t<\/div>\n\t\t\t\t<\/div>\n\t\t\t\t<div class=\"elementor-element elementor-element-82d5999 elementor-widget elementor-widget-html\" data-id=\"82d5999\" data-element_type=\"widget\" data-widget_type=\"html.default\">\n\t\t\t\t<div class=\"elementor-widget-container\">\n\t\t\t<style type=\"text\/css\">\r\n    .countdown-timer {\r\n  display: flex;\r\n  justify-content: center;\r\n  align-items: center;\r\n  font-size: 1.8em;\r\n  color: #ffffff;\r\n  height: 75px;\r\n  border-radius: 5px;\r\n}\r\n\r\n.countdown-timer div {\r\n  padding: 0 5px 0 20px !important;\r\n}\r\n\r\n.countdown-timer div:not(:last-child)::after {\r\n  \r\n  padding-left: 20px;\r\n}\r\n\r\n@media only screen and (max-width: 768px) {\r\n  \/* For mobile phones: *\/\r\n   .countdown-timer {\r\n  font-size: 0.8em;\r\n}\r\n.countdown-timer div {\r\n  padding: 0 5px 0 8px !important;\r\n}\r\n}\r\n\r\n<\/style>\r\n\r\n<div class=\"countdown-timer\">\r\n  <b><div class=\"days\"><\/div><\/b><span> d\u00edas<\/span>\r\n  <b><div class=\"hours\"><\/div><\/b><span> horas<\/span>\r\n  <b><div class=\"minutes\"><\/div><\/b><span> minutos<\/span>\r\n  <b><div class=\"seconds\"><\/div><\/b><span> segundos<\/span>\r\n<\/div>\r\n\r\n<script>\r\n  \/\/ Set the target date here\r\n  var targetDate = new Date('2023-03-29T08:00:00');\r\n\r\n  function updateTimer() {\r\n    \/\/ Get the current date and time\r\n    var currentDate = new Date();\r\n\r\n    \/\/ Calculate the difference in seconds\r\n    var diff = Math.floor((targetDate.getTime() - currentDate.getTime()) \/ 1000);\r\n\r\n    \/\/ Calculate the number of days, hours, minutes, and seconds\r\n    var days = Math.floor(diff \/ (60 * 60 * 24));\r\n    var hours = Math.floor((diff - days * 60 * 60 * 24) \/ (60 * 60));\r\n    var minutes = Math.floor((diff - days * 60 * 60 * 24 - hours * 60 * 60) \/ 60);\r\n    var seconds = diff - days * 60 * 60 * 24 - hours * 60 * 60 - minutes * 60;\r\n\r\n    \/\/ Update the countdown elements\r\n    document.querySelector('.countdown-timer .days').textContent = days;\r\n    document.querySelector('.countdown-timer .hours').textContent = hours;\r\n    document.querySelector('.countdown-timer .minutes').textContent = minutes;\r\n    document.querySelector('.countdown-timer .seconds').textContent = seconds;\r\n  }\r\n\r\n  \/\/ Update the timer every second\r\n  setInterval(updateTimer, 1000);\r\n<\/script>\t\t<\/div>\n\t\t\t\t<\/div>\n\t\t\t\t<section class=\"elementor-section elementor-inner-section elementor-element elementor-element-19b8f60 elementor-section-boxed elementor-section-height-default elementor-section-height-default\" data-id=\"19b8f60\" data-element_type=\"section\">\n\t\t\t\t\t\t<div class=\"elementor-container elementor-column-gap-default\">\n\t\t\t\t\t<div class=\"elementor-column elementor-col-33 elementor-inner-column elementor-element elementor-element-0265077\" data-id=\"0265077\" data-element_type=\"column\">\n\t\t\t<div class=\"elementor-widget-wrap\">\n\t\t\t\t\t\t\t\t\t<\/div>\n\t\t<\/div>\n\t\t\t\t<div class=\"elementor-column elementor-col-33 elementor-inner-column elementor-element elementor-element-9eca641\" data-id=\"9eca641\" data-element_type=\"column\">\n\t\t\t<div class=\"elementor-widget-wrap\">\n\t\t\t\t\t\t\t\t\t<\/div>\n\t\t<\/div>\n\t\t\t\t<div class=\"elementor-column elementor-col-33 elementor-inner-column elementor-element elementor-element-ed4554c\" data-id=\"ed4554c\" data-element_type=\"column\">\n\t\t\t<div class=\"elementor-widget-wrap\">\n\t\t\t\t\t\t\t\t\t<\/div>\n\t\t<\/div>\n\t\t\t\t\t\t\t<\/div>\n\t\t<\/section>\n\t\t\t\t<div class=\"elementor-element elementor-element-f621797 elementor-widget elementor-widget-text-editor\" data-id=\"f621797\" data-element_type=\"widget\" data-widget_type=\"text-editor.default\">\n\t\t\t\t<div class=\"elementor-widget-container\">\n\t\t\t<style>\/*! elementor - v3.11.5 - 14-03-2023 *\/\n.elementor-widget-text-editor.elementor-drop-cap-view-stacked .elementor-drop-cap{background-color:#818a91;color:#fff}.elementor-widget-text-editor.elementor-drop-cap-view-framed .elementor-drop-cap{color:#818a91;border:3px solid;background-color:transparent}.elementor-widget-text-editor:not(.elementor-drop-cap-view-default) .elementor-drop-cap{margin-top:8px}.elementor-widget-text-editor:not(.elementor-drop-cap-view-default) .elementor-drop-cap-letter{width:1em;height:1em}.elementor-widget-text-editor .elementor-drop-cap{float:left;text-align:center;line-height:1;font-size:50px}.elementor-widget-text-editor .elementor-drop-cap-letter{display:inline-block}<\/style>\t\t\t\t<p>Muy pronto podr\u00e1s fortalecer tu conocimiento relacionado con la aplicaci\u00f3n del enfoque diferencial en la gesti\u00f3n de la Defensor\u00eda, el acceso a la informaci\u00f3n e inclusi\u00f3n en los mecanismos de participaci\u00f3n ciudadana.\u00a0 Todo en una experiencia inmersiva.<br \/>La Defensor\u00eda del Pueblo de la mano del Centro Nacional de Consultor\u00eda, tienen algo preparado para ti.<br \/>\u00a1Desc\u00fabrelo muy pronto!<\/p><p>Reg\u00edstrate<\/p>\t\t\t\t\t\t<\/div>\n\t\t\t\t<\/div>\n\t\t\t\t\t<\/div>\n\t\t<\/div>\n\t\t\t\t<div class=\"elementor-column elementor-col-33 elementor-top-column elementor-element elementor-element-016bf1b\" data-id=\"016bf1b\" data-element_type=\"column\">\n\t\t\t<div class=\"elementor-widget-wrap elementor-element-populated\">\n\t\t\t\t\t\t\t\t<div class=\"elementor-element elementor-element-5812235 elementor-widget elementor-widget-heading\" data-id=\"5812235\" data-element_type=\"widget\" data-widget_type=\"heading.default\">\n\t\t\t\t<div class=\"elementor-widget-container\">\n\t\t\t<style>\/*! elementor - v3.11.5 - 14-03-2023 *\/\n.elementor-heading-title{padding:0;margin:0;line-height:1}.elementor-widget-heading .elementor-heading-title[class*=elementor-size-]>a{color:inherit;font-size:inherit;line-height:inherit}.elementor-widget-heading .elementor-heading-title.elementor-size-small{font-size:15px}.elementor-widget-heading .elementor-heading-title.elementor-size-medium{font-size:19px}.elementor-widget-heading .elementor-heading-title.elementor-size-large{font-size:29px}.elementor-widget-heading .elementor-heading-title.elementor-size-xl{font-size:39px}.elementor-widget-heading .elementor-heading-title.elementor-size-xxl{font-size:59px}<\/style><h2 class=\"elementor-heading-title elementor-size-default\"><span>\u00a1Bienvenido\/a!<\/span><\/h2>\t\t<\/div>\n\t\t\t\t<\/div>\n\t\t\t\t<section class=\"elementor-section elementor-inner-section elementor-element elementor-element-360ca49 elementor-section-height-min-height elementor-section-boxed elementor-section-height-default\" data-id=\"360ca49\" data-element_type=\"section\">\n\t\t\t\t\t\t<div class=\"elementor-container elementor-column-gap-default\">\n\t\t\t\t\t<div class=\"elementor-column elementor-col-100 elementor-inner-column elementor-element elementor-element-437c7c1\" data-id=\"437c7c1\" data-element_type=\"column\">\n\t\t\t<div class=\"elementor-widget-wrap elementor-element-populated\">\n\t\t\t\t\t\t\t\t<div class=\"elementor-element elementor-element-64fdc7a elementor-widget elementor-widget-html\" data-id=\"64fdc7a\" data-element_type=\"widget\" data-widget_type=\"html.default\">\n\t\t\t\t<div class=\"elementor-widget-container\">\n\t\t\t<iframe loading=\"lazy\" width=\"100%\" height=\"350\" src=\"https:\/\/proyectos.liidcc.com\/metaverso-defensoria\/registro\"><\/iframe>\t\t<\/div>\n\t\t\t\t<\/div>\n\t\t\t\t\t<\/div>\n\t\t<\/div>\n\t\t\t\t\t\t\t<\/div>\n\t\t<\/section>\n\t\t\t\t<section class=\"elementor-section elementor-inner-section elementor-element elementor-element-1bd2c24 elementor-section-content-middle elementor-section-boxed elementor-section-height-default elementor-section-height-default\" data-id=\"1bd2c24\" data-element_type=\"section\">\n\t\t\t\t\t\t<div class=\"elementor-container elementor-column-gap-default\">\n\t\t\t\t\t<div class=\"elementor-column elementor-col-50 elementor-inner-column elementor-element elementor-element-214c6e5\" data-id=\"214c6e5\" data-element_type=\"column\">\n\t\t\t<div class=\"elementor-widget-wrap elementor-element-populated\">\n\t\t\t\t\t\t\t\t<div class=\"elementor-element elementor-element-8cd7973 elementor-widget elementor-widget-heading\" data-id=\"8cd7973\" data-element_type=\"widget\" data-widget_type=\"heading.default\">\n\t\t\t\t<div class=\"elementor-widget-container\">\n\t\t\t<h2 class=\"elementor-heading-title elementor-size-default\">Ya tengo una cuenta<\/h2>\t\t<\/div>\n\t\t\t\t<\/div>\n\t\t\t\t\t<\/div>\n\t\t<\/div>\n\t\t\t\t<div class=\"elementor-column elementor-col-50 elementor-inner-column elementor-element elementor-element-f93358b\" data-id=\"f93358b\" data-element_type=\"column\">\n\t\t\t<div class=\"elementor-widget-wrap elementor-element-populated\">\n\t\t\t\t\t\t\t\t<div class=\"elementor-element elementor-element-4ce3bf2 elementor-align-center elementor-widget elementor-widget-button\" data-id=\"4ce3bf2\" data-element_type=\"widget\" data-widget_type=\"button.default\">\n\t\t\t\t<div class=\"elementor-widget-container\">\n\t\t\t\t\t<div class=\"elementor-button-wrapper\">\n\t\t\t<a href=\"https:\/\/proyectos.liidcc.com\/metaverso-defensoria\/login\" class=\"elementor-button-link elementor-button elementor-size-xs\" role=\"button\">\n\t\t\t\t\t\t<span class=\"elementor-button-content-wrapper\">\n\t\t\t\t\t\t<span class=\"elementor-button-text\">\u00a1Ingresar!<\/span>\n\t\t<\/span>\n\t\t\t\t\t<\/a>\n\t\t<\/div>\n\t\t\t\t<\/div>\n\t\t\t\t<\/div>\n\t\t\t\t\t<\/div>\n\t\t<\/div>\n\t\t\t\t\t\t\t<\/div>\n\t\t<\/section>\n\t\t\t\t<div class=\"elementor-element elementor-element-de26edf elementor-widget elementor-widget-heading\" data-id=\"de26edf\" data-element_type=\"widget\" data-widget_type=\"heading.default\">\n\t\t\t\t<div class=\"elementor-widget-container\">\n\t\t\t<h2 class=\"elementor-heading-title elementor-size-default\">S\u00edguenos en<\/h2>\t\t<\/div>\n\t\t\t\t<\/div>\n\t\t\t\t<section class=\"elementor-section elementor-inner-section elementor-element elementor-element-edcb956 elementor-section-boxed elementor-section-height-default elementor-section-height-default\" data-id=\"edcb956\" data-element_type=\"section\">\n\t\t\t\t\t\t<div class=\"elementor-container elementor-column-gap-default\">\n\t\t\t\t\t<div class=\"elementor-column elementor-col-100 elementor-inner-column elementor-element elementor-element-7f19fa5\" data-id=\"7f19fa5\" data-element_type=\"column\">\n\t\t\t<div class=\"elementor-widget-wrap elementor-element-populated\">\n\t\t\t\t\t\t\t\t<div class=\"elementor-element elementor-element-a0f83ea elementor-grid-tablet-5 elementor-shape-rounded elementor-grid-0 e-grid-align-center elementor-widget elementor-widget-social-icons\" data-id=\"a0f83ea\" data-element_type=\"widget\" data-widget_type=\"social-icons.default\">\n\t\t\t\t<div class=\"elementor-widget-container\">\n\t\t\t<style>\/*! elementor - v3.11.5 - 14-03-2023 *\/\n.elementor-widget-social-icons.elementor-grid-0 .elementor-widget-container,.elementor-widget-social-icons.elementor-grid-mobile-0 .elementor-widget-container,.elementor-widget-social-icons.elementor-grid-tablet-0 .elementor-widget-container{line-height:1;font-size:0}.elementor-widget-social-icons:not(.elementor-grid-0):not(.elementor-grid-tablet-0):not(.elementor-grid-mobile-0) .elementor-grid{display:inline-grid}.elementor-widget-social-icons .elementor-grid{grid-column-gap:var(--grid-column-gap,5px);grid-row-gap:var(--grid-row-gap,5px);grid-template-columns:var(--grid-template-columns);justify-content:var(--justify-content,center);justify-items:var(--justify-content,center)}.elementor-icon.elementor-social-icon{font-size:var(--icon-size,25px);line-height:var(--icon-size,25px);width:calc(var(--icon-size, 25px) + (2 * var(--icon-padding, .5em)));height:calc(var(--icon-size, 25px) + (2 * var(--icon-padding, .5em)))}.elementor-social-icon{--e-social-icon-icon-color:#fff;display:inline-flex;background-color:#818a91;align-items:center;justify-content:center;text-align:center;cursor:pointer}.elementor-social-icon i{color:var(--e-social-icon-icon-color)}.elementor-social-icon svg{fill:var(--e-social-icon-icon-color)}.elementor-social-icon:last-child{margin:0}.elementor-social-icon:hover{opacity:.9;color:#fff}.elementor-social-icon-android{background-color:#a4c639}.elementor-social-icon-apple{background-color:#999}.elementor-social-icon-behance{background-color:#1769ff}.elementor-social-icon-bitbucket{background-color:#205081}.elementor-social-icon-codepen{background-color:#000}.elementor-social-icon-delicious{background-color:#39f}.elementor-social-icon-deviantart{background-color:#05cc47}.elementor-social-icon-digg{background-color:#005be2}.elementor-social-icon-dribbble{background-color:#ea4c89}.elementor-social-icon-elementor{background-color:#d30c5c}.elementor-social-icon-envelope{background-color:#ea4335}.elementor-social-icon-facebook,.elementor-social-icon-facebook-f{background-color:#3b5998}.elementor-social-icon-flickr{background-color:#0063dc}.elementor-social-icon-foursquare{background-color:#2d5be3}.elementor-social-icon-free-code-camp,.elementor-social-icon-freecodecamp{background-color:#006400}.elementor-social-icon-github{background-color:#333}.elementor-social-icon-gitlab{background-color:#e24329}.elementor-social-icon-globe{background-color:#818a91}.elementor-social-icon-google-plus,.elementor-social-icon-google-plus-g{background-color:#dd4b39}.elementor-social-icon-houzz{background-color:#7ac142}.elementor-social-icon-instagram{background-color:#262626}.elementor-social-icon-jsfiddle{background-color:#487aa2}.elementor-social-icon-link{background-color:#818a91}.elementor-social-icon-linkedin,.elementor-social-icon-linkedin-in{background-color:#0077b5}.elementor-social-icon-medium{background-color:#00ab6b}.elementor-social-icon-meetup{background-color:#ec1c40}.elementor-social-icon-mixcloud{background-color:#273a4b}.elementor-social-icon-odnoklassniki{background-color:#f4731c}.elementor-social-icon-pinterest{background-color:#bd081c}.elementor-social-icon-product-hunt{background-color:#da552f}.elementor-social-icon-reddit{background-color:#ff4500}.elementor-social-icon-rss{background-color:#f26522}.elementor-social-icon-shopping-cart{background-color:#4caf50}.elementor-social-icon-skype{background-color:#00aff0}.elementor-social-icon-slideshare{background-color:#0077b5}.elementor-social-icon-snapchat{background-color:#fffc00}.elementor-social-icon-soundcloud{background-color:#f80}.elementor-social-icon-spotify{background-color:#2ebd59}.elementor-social-icon-stack-overflow{background-color:#fe7a15}.elementor-social-icon-steam{background-color:#00adee}.elementor-social-icon-stumbleupon{background-color:#eb4924}.elementor-social-icon-telegram{background-color:#2ca5e0}.elementor-social-icon-thumb-tack{background-color:#1aa1d8}.elementor-social-icon-tripadvisor{background-color:#589442}.elementor-social-icon-tumblr{background-color:#35465c}.elementor-social-icon-twitch{background-color:#6441a5}.elementor-social-icon-twitter{background-color:#1da1f2}.elementor-social-icon-viber{background-color:#665cac}.elementor-social-icon-vimeo{background-color:#1ab7ea}.elementor-social-icon-vk{background-color:#45668e}.elementor-social-icon-weibo{background-color:#dd2430}.elementor-social-icon-weixin{background-color:#31a918}.elementor-social-icon-whatsapp{background-color:#25d366}.elementor-social-icon-wordpress{background-color:#21759b}.elementor-social-icon-xing{background-color:#026466}.elementor-social-icon-yelp{background-color:#af0606}.elementor-social-icon-youtube{background-color:#cd201f}.elementor-social-icon-500px{background-color:#0099e5}.elementor-shape-rounded .elementor-icon.elementor-social-icon{border-radius:10%}.elementor-shape-circle .elementor-icon.elementor-social-icon{border-radius:50%}<\/style>\t\t<div class=\"elementor-social-icons-wrapper elementor-grid\">\n\t\t\t\t\t\t\t<span class=\"elementor-grid-item\">\n\t\t\t\t\t<a class=\"elementor-icon elementor-social-icon elementor-social-icon-facebook elementor-repeater-item-e20db67\" href=\"https:\/\/www.facebook.com\/DefensoriadelPuebloColombia\/\" target=\"_blank\">\n\t\t\t\t\t\t<span class=\"elementor-screen-only\">Facebook<\/span>\n\t\t\t\t\t\t<i class=\"fab fa-facebook\"><\/i>\t\t\t\t\t<\/a>\n\t\t\t\t<\/span>\n\t\t\t\t\t\t\t<span class=\"elementor-grid-item\">\n\t\t\t\t\t<a class=\"elementor-icon elementor-social-icon elementor-social-icon-instagram elementor-repeater-item-36b1f2f\" href=\"https:\/\/www.instagram.com\/defensoriacol\/\" target=\"_blank\">\n\t\t\t\t\t\t<span class=\"elementor-screen-only\">Instagram<\/span>\n\t\t\t\t\t\t<i class=\"fab fa-instagram\"><\/i>\t\t\t\t\t<\/a>\n\t\t\t\t<\/span>\n\t\t\t\t\t\t\t<span class=\"elementor-grid-item\">\n\t\t\t\t\t<a class=\"elementor-icon elementor-social-icon elementor-social-icon-twitter elementor-repeater-item-06f0048\" href=\"https:\/\/twitter.com\/DefensoriaCol\" target=\"_blank\">\n\t\t\t\t\t\t<span class=\"elementor-screen-only\">Twitter<\/span>\n\t\t\t\t\t\t<i class=\"fab fa-twitter\"><\/i>\t\t\t\t\t<\/a>\n\t\t\t\t<\/span>\n\t\t\t\t\t\t\t<span class=\"elementor-grid-item\">\n\t\t\t\t\t<a class=\"elementor-icon elementor-social-icon elementor-social-icon-linkedin elementor-repeater-item-d0c49c6\" href=\"https:\/\/www.linkedin.com\/company-beta\/3607373\/\" target=\"_blank\">\n\t\t\t\t\t\t<span class=\"elementor-screen-only\">Linkedin<\/span>\n\t\t\t\t\t\t<i class=\"fab fa-linkedin\"><\/i>\t\t\t\t\t<\/a>\n\t\t\t\t<\/span>\n\t\t\t\t\t\t\t<span class=\"elementor-grid-item\">\n\t\t\t\t\t<a class=\"elementor-icon elementor-social-icon elementor-social-icon-youtube elementor-repeater-item-fbe76d5\" href=\"https:\/\/www.youtube.com\/channel\/UCGh9yKf31deyX-5xkjIh5qg\" target=\"_blank\">\n\t\t\t\t\t\t<span class=\"elementor-screen-only\">Youtube<\/span>\n\t\t\t\t\t\t<i class=\"fab fa-youtube\"><\/i>\t\t\t\t\t<\/a>\n\t\t\t\t<\/span>\n\t\t\t\t\t<\/div>\n\t\t\t\t<\/div>\n\t\t\t\t<\/div>\n\t\t\t\t\t<\/div>\n\t\t<\/div>\n\t\t\t\t\t\t\t<\/div>\n\t\t<\/section>\n\t\t\t\t<div class=\"elementor-element elementor-element-839aa79 elementor-widget elementor-widget-text-editor\" data-id=\"839aa79\" data-element_type=\"widget\" data-widget_type=\"text-editor.default\">\n\t\t\t\t<div class=\"elementor-widget-container\">\n\t\t\t\t\t\t\t<p>\u00a1Una idea liberada por Monodual!<\/p>\t\t\t\t\t\t<\/div>\n\t\t\t\t<\/div>\n\t\t\t\t\t<\/div>\n\t\t<\/div>\n\t\t\t\t\t\t\t<\/div>\n\t\t<\/section>\n\t\t\t\t\t\t\t<\/div>\n\t\t","protected":false},"excerpt":{"rendered":"<p>d\u00edas horas minutos segundos Muy pronto podr\u00e1s fortalecer tu conocimiento relacionado con la aplicaci\u00f3n del enfoque diferencial en la gesti\u00f3n de la Defensor\u00eda, el acceso a la informaci\u00f3n e inclusi\u00f3n en los mecanismos de participaci\u00f3n ciudadana.\u00a0 Todo en una experiencia inmersiva.La Defensor\u00eda del Pueblo de la mano del Centro Nacional de Consultor\u00eda, tienen algo preparado [&hellip;]<\/p>\n","protected":false},"author":1,"featured_media":0,"parent":0,"menu_order":0,"comment_status":"closed","ping_status":"closed","template":"elementor_canvas","meta":{"footnotes":""},"class_list":["post-7","page","type-page","status-publish","hentry"],"_links":{"self":[{"href":"https:\/\/proyectos.liidcc.com\/metaverso-defensoria\/wp-json\/wp\/v2\/pages\/7","targetHints":{"allow":["GET"]}}],"collection":[{"href":"https:\/\/proyectos.liidcc.com\/metaverso-defensoria\/wp-json\/wp\/v2\/pages"}],"about":[{"href":"https:\/\/proyectos.liidcc.com\/metaverso-defensoria\/wp-json\/wp\/v2\/types\/page"}],"author":[{"embeddable":true,"href":"https:\/\/proyectos.liidcc.com\/metaverso-defensoria\/wp-json\/wp\/v2\/users\/1"}],"replies":[{"embeddable":true,"href":"https:\/\/proyectos.liidcc.com\/metaverso-defensoria\/wp-json\/wp\/v2\/comments?post=7"}],"version-history":[{"count":392,"href":"https:\/\/proyectos.liidcc.com\/metaverso-defensoria\/wp-json\/wp\/v2\/pages\/7\/revisions"}],"predecessor-version":[{"id":656,"href":"https:\/\/proyectos.liidcc.com\/metaverso-defensoria\/wp-json\/wp\/v2\/pages\/7\/revisions\/656"}],"wp:attachment":[{"href":"https:\/\/proyectos.liidcc.com\/metaverso-defensoria\/wp-json\/wp\/v2\/media?parent=7"}],"curies":[{"name":"wp","href":"https:\/\/api.w.org\/{rel}","templated":true}]}}